{"id":33,"date":"2016-12-05T18:53:54","date_gmt":"2016-12-05T18:53:54","guid":{"rendered":"http:\/\/catalinewolfkennel.com\/?page_id=33"},"modified":"2017-01-12T18:19:48","modified_gmt":"2017-01-12T18:19:48","slug":"rolunk","status":"publish","type":"page","link":"https:\/\/catalinewolfkennel.com\/en\/rolunk\/","title":{"rendered":"About Us"},"content":{"rendered":"","protected":false},"excerpt":{"rendered":"","protected":false},"author":1,"featured_media":597,"parent":0,"menu_order":0,"comment_status":"closed","ping_status":"closed","template":"page-about.php","meta":{"footnotes":""},"class_list":["post-33","page","type-page","status-publish","has-post-thumbnail","hentry"],"yoast_head":"<!-- This site is optimized with the Yoast SEO plugin v27.4 - https:\/\/yoast.com\/product\/yoast-seo-wordpress\/ -->\n<title>About Us - Cataline Wolf Kennel<\/title>\n<meta name=\"description\" content=\"Boros Gyevi Katalin vagyok, a Cataline Wolf kennel tulajdonosa.M\u00e1r eg\u00e9szen pici korom \u00f3ta szenved\u00e9lyesen szeretem a kuty\u00e1kat.\" \/>\n<meta name=\"robots\" content=\"index, follow, max-snippet:-1, max-image-preview:large, max-video-preview:-1\" \/>\n<link rel=\"canonical\" href=\"https:\/\/catalinewolfkennel.com\/rolunk\/\" \/>\n<meta property=\"og:locale\" content=\"en_US\" \/>\n<meta property=\"og:type\" content=\"article\" \/>\n<meta property=\"og:title\" content=\"[:hu]R\u00f3lunk[:en]About Us[:] - Cataline Wolf Kennel\" \/>\n<meta property=\"og:description\" content=\"Boros Gyevi Katalin vagyok, a Cataline Wolf kennel tulajdonosa.M\u00e1r eg\u00e9szen pici korom \u00f3ta szenved\u00e9lyesen szeretem a kuty\u00e1kat.\" \/>\n<meta property=\"og:url\" content=\"https:\/\/catalinewolfkennel.com\/rolunk\/\" \/>\n<meta property=\"og:site_name\" content=\"Cataline Wolf Kennel\" \/>\n<meta property=\"article:publisher\" content=\"https:\/\/www.facebook.com\/catalinewolfkennel\/?fref=ts\" \/>\n<meta property=\"article:modified_time\" content=\"2017-01-12T18:19:48+00:00\" \/>\n<meta property=\"og:image\" content=\"https:\/\/catalinewolfkennel.com\/wp-content\/uploads\/2017\/01\/DSC6312.jpg\" \/>\n\t<meta property=\"og:image:width\" content=\"2048\" \/>\n\t<meta property=\"og:image:height\" content=\"1036\" \/>\n\t<meta property=\"og:image:type\" content=\"image\/jpeg\" \/>\n<meta name=\"twitter:card\" content=\"summary_large_image\" \/>\n<script type=\"application\/ld+json\" class=\"yoast-schema-graph\">{\"@context\":\"https:\\\/\\\/schema.org\",\"@graph\":[{\"@type\":\"WebPage\",\"@id\":\"https:\\\/\\\/catalinewolfkennel.com\\\/rolunk\\\/\",\"url\":\"https:\\\/\\\/catalinewolfkennel.com\\\/rolunk\\\/\",\"name\":\"[:hu]R\u00f3lunk[:en]About Us[:] - Cataline Wolf Kennel\",\"isPartOf\":{\"@id\":\"https:\\\/\\\/catalinewolfkennel.com\\\/#website\"},\"primaryImageOfPage\":{\"@id\":\"https:\\\/\\\/catalinewolfkennel.com\\\/rolunk\\\/#primaryimage\"},\"image\":{\"@id\":\"https:\\\/\\\/catalinewolfkennel.com\\\/rolunk\\\/#primaryimage\"},\"thumbnailUrl\":\"https:\\\/\\\/catalinewolfkennel.com\\\/wp-content\\\/uploads\\\/2017\\\/01\\\/DSC6312.jpg\",\"datePublished\":\"2016-12-05T18:53:54+00:00\",\"dateModified\":\"2017-01-12T18:19:48+00:00\",\"description\":\"Boros Gyevi Katalin vagyok, a Cataline Wolf kennel tulajdonosa.M\u00e1r eg\u00e9szen pici korom \u00f3ta szenved\u00e9lyesen szeretem a kuty\u00e1kat.\",\"breadcrumb\":{\"@id\":\"https:\\\/\\\/catalinewolfkennel.com\\\/rolunk\\\/#breadcrumb\"},\"inLanguage\":\"en-US\",\"potentialAction\":[{\"@type\":\"ReadAction\",\"target\":[\"https:\\\/\\\/catalinewolfkennel.com\\\/rolunk\\\/\"]}]},{\"@type\":\"ImageObject\",\"inLanguage\":\"en-US\",\"@id\":\"https:\\\/\\\/catalinewolfkennel.com\\\/rolunk\\\/#primaryimage\",\"url\":\"https:\\\/\\\/catalinewolfkennel.com\\\/wp-content\\\/uploads\\\/2017\\\/01\\\/DSC6312.jpg\",\"contentUrl\":\"https:\\\/\\\/catalinewolfkennel.com\\\/wp-content\\\/uploads\\\/2017\\\/01\\\/DSC6312.jpg\",\"width\":2048,\"height\":1036},{\"@type\":\"BreadcrumbList\",\"@id\":\"https:\\\/\\\/catalinewolfkennel.com\\\/rolunk\\\/#breadcrumb\",\"itemListElement\":[{\"@type\":\"ListItem\",\"position\":1,\"name\":\"Home\",\"item\":\"https:\\\/\\\/catalinewolfkennel.com\\\/\"},{\"@type\":\"ListItem\",\"position\":2,\"name\":\"R\u00f3lunk\"}]},{\"@type\":\"WebSite\",\"@id\":\"https:\\\/\\\/catalinewolfkennel.com\\\/#website\",\"url\":\"https:\\\/\\\/catalinewolfkennel.com\\\/\",\"name\":\"Cataline Wolf Kennel\",\"description\":\"... egy \u00fajabb WordPress honlap...\",\"potentialAction\":[{\"@type\":\"SearchAction\",\"target\":{\"@type\":\"EntryPoint\",\"urlTemplate\":\"https:\\\/\\\/catalinewolfkennel.com\\\/?s={search_term_string}\"},\"query-input\":{\"@type\":\"PropertyValueSpecification\",\"valueRequired\":true,\"valueName\":\"search_term_string\"}}],\"inLanguage\":\"en-US\"}]}<\/script>\n<!-- \/ Yoast SEO plugin. -->","yoast_head_json":{"title":"[:hu]R\u00f3lunk[:en]About Us[:] - Cataline Wolf Kennel","description":"Boros Gyevi Katalin vagyok, a Cataline Wolf kennel tulajdonosa.M\u00e1r eg\u00e9szen pici korom \u00f3ta szenved\u00e9lyesen szeretem a kuty\u00e1kat.","robots":{"index":"index","follow":"follow","max-snippet":"max-snippet:-1","max-image-preview":"max-image-preview:large","max-video-preview":"max-video-preview:-1"},"canonical":"https:\/\/catalinewolfkennel.com\/rolunk\/","og_locale":"en_US","og_type":"article","og_title":"[:hu]R\u00f3lunk[:en]About Us[:] - Cataline Wolf Kennel","og_description":"Boros Gyevi Katalin vagyok, a Cataline Wolf kennel tulajdonosa.M\u00e1r eg\u00e9szen pici korom \u00f3ta szenved\u00e9lyesen szeretem a kuty\u00e1kat.","og_url":"https:\/\/catalinewolfkennel.com\/rolunk\/","og_site_name":"Cataline Wolf Kennel","article_publisher":"https:\/\/www.facebook.com\/catalinewolfkennel\/?fref=ts","article_modified_time":"2017-01-12T18:19:48+00:00","og_image":[{"width":2048,"height":1036,"url":"https:\/\/catalinewolfkennel.com\/wp-content\/uploads\/2017\/01\/DSC6312.jpg","type":"image\/jpeg"}],"twitter_card":"summary_large_image","schema":{"@context":"https:\/\/schema.org","@graph":[{"@type":"WebPage","@id":"https:\/\/catalinewolfkennel.com\/rolunk\/","url":"https:\/\/catalinewolfkennel.com\/rolunk\/","name":"[:hu]R\u00f3lunk[:en]About Us[:] - Cataline Wolf Kennel","isPartOf":{"@id":"https:\/\/catalinewolfkennel.com\/#website"},"primaryImageOfPage":{"@id":"https:\/\/catalinewolfkennel.com\/rolunk\/#primaryimage"},"image":{"@id":"https:\/\/catalinewolfkennel.com\/rolunk\/#primaryimage"},"thumbnailUrl":"https:\/\/catalinewolfkennel.com\/wp-content\/uploads\/2017\/01\/DSC6312.jpg","datePublished":"2016-12-05T18:53:54+00:00","dateModified":"2017-01-12T18:19:48+00:00","description":"Boros Gyevi Katalin vagyok, a Cataline Wolf kennel tulajdonosa.M\u00e1r eg\u00e9szen pici korom \u00f3ta szenved\u00e9lyesen szeretem a kuty\u00e1kat.","breadcrumb":{"@id":"https:\/\/catalinewolfkennel.com\/rolunk\/#breadcrumb"},"inLanguage":"en-US","potentialAction":[{"@type":"ReadAction","target":["https:\/\/catalinewolfkennel.com\/rolunk\/"]}]},{"@type":"ImageObject","inLanguage":"en-US","@id":"https:\/\/catalinewolfkennel.com\/rolunk\/#primaryimage","url":"https:\/\/catalinewolfkennel.com\/wp-content\/uploads\/2017\/01\/DSC6312.jpg","contentUrl":"https:\/\/catalinewolfkennel.com\/wp-content\/uploads\/2017\/01\/DSC6312.jpg","width":2048,"height":1036},{"@type":"BreadcrumbList","@id":"https:\/\/catalinewolfkennel.com\/rolunk\/#breadcrumb","itemListElement":[{"@type":"ListItem","position":1,"name":"Home","item":"https:\/\/catalinewolfkennel.com\/"},{"@type":"ListItem","position":2,"name":"R\u00f3lunk"}]},{"@type":"WebSite","@id":"https:\/\/catalinewolfkennel.com\/#website","url":"https:\/\/catalinewolfkennel.com\/","name":"Cataline Wolf Kennel","description":"... egy \u00fajabb WordPress honlap...","potentialAction":[{"@type":"SearchAction","target":{"@type":"EntryPoint","urlTemplate":"https:\/\/catalinewolfkennel.com\/?s={search_term_string}"},"query-input":{"@type":"PropertyValueSpecification","valueRequired":true,"valueName":"search_term_string"}}],"inLanguage":"en-US"}]}},"_links":{"self":[{"href":"https:\/\/catalinewolfkennel.com\/en\/wp-json\/wp\/v2\/pages\/33","targetHints":{"allow":["GET"]}}],"collection":[{"href":"https:\/\/catalinewolfkennel.com\/en\/wp-json\/wp\/v2\/pages"}],"about":[{"href":"https:\/\/catalinewolfkennel.com\/en\/wp-json\/wp\/v2\/types\/page"}],"author":[{"embeddable":true,"href":"https:\/\/catalinewolfkennel.com\/en\/wp-json\/wp\/v2\/users\/1"}],"replies":[{"embeddable":true,"href":"https:\/\/catalinewolfkennel.com\/en\/wp-json\/wp\/v2\/comments?post=33"}],"version-history":[{"count":25,"href":"https:\/\/catalinewolfkennel.com\/en\/wp-json\/wp\/v2\/pages\/33\/revisions"}],"predecessor-version":[{"id":354,"href":"https:\/\/catalinewolfkennel.com\/en\/wp-json\/wp\/v2\/pages\/33\/revisions\/354"}],"wp:featuredmedia":[{"embeddable":true,"href":"https:\/\/catalinewolfkennel.com\/en\/wp-json\/wp\/v2\/media\/597"}],"wp:attachment":[{"href":"https:\/\/catalinewolfkennel.com\/en\/wp-json\/wp\/v2\/media?parent=33"}],"curies":[{"name":"wp","href":"https:\/\/api.w.org\/{rel}","templated":true}]}}