{"id":3471,"date":"2022-09-01T20:46:03","date_gmt":"2022-09-01T20:46:03","guid":{"rendered":"http:\/\/catalinewolfkennel.com\/?page_id=3471"},"modified":"2025-05-08T20:02:25","modified_gmt":"2025-05-08T20:02:25","slug":"litterplan-for-2022","status":"publish","type":"page","link":"https:\/\/catalinewolfkennel.com\/en\/litterplan-for-2022\/","title":{"rendered":"Available puppies"},"content":{"rendered":"<p><\/p>\n<h3>\u00a0Dear inquirier! We have beautiful available female puppy from our Masha-Kimi L litter! Feel free to contact us!<\/h3>\n<p><img loading=\"lazy\" decoding=\"async\" class=\"wp-image-4152 aligncenter\" src=\"http:\/\/catalinewolfkennel.com\/wp-content\/uploads\/2023\/03\/Katica-alomplaka\u0301t2-300x233.jpg\" alt=\"\" width=\"550\" height=\"427\" srcset=\"https:\/\/catalinewolfkennel.com\/wp-content\/uploads\/2023\/03\/Katica-alomplaka\u0301t2-300x233.jpg 300w, https:\/\/catalinewolfkennel.com\/wp-content\/uploads\/2023\/03\/Katica-alomplaka\u0301t2-768x597.jpg 768w, https:\/\/catalinewolfkennel.com\/wp-content\/uploads\/2023\/03\/Katica-alomplaka\u0301t2-1024x796.jpg 1024w, https:\/\/catalinewolfkennel.com\/wp-content\/uploads\/2023\/03\/Katica-alomplaka\u0301t2.jpg 1800w\" sizes=\"auto, (max-width: 550px) 100vw, 550px\" \/><\/p>\n<p>&nbsp;<\/p>\n<p><img loading=\"lazy\" decoding=\"async\" class=\"alignnone wp-image-5992\" src=\"http:\/\/catalinewolfkennel.com\/wp-content\/uploads\/2025\/05\/mini_IMG_3800-300x200.jpg\" alt=\"\" width=\"529\" height=\"352\" srcset=\"https:\/\/catalinewolfkennel.com\/wp-content\/uploads\/2025\/05\/mini_IMG_3800-300x200.jpg 300w, https:\/\/catalinewolfkennel.com\/wp-content\/uploads\/2025\/05\/mini_IMG_3800-768x512.jpg 768w, https:\/\/catalinewolfkennel.com\/wp-content\/uploads\/2025\/05\/mini_IMG_3800-1024x683.jpg 1024w, https:\/\/catalinewolfkennel.com\/wp-content\/uploads\/2025\/05\/mini_IMG_3800.jpg 1800w\" sizes=\"auto, (max-width: 529px) 100vw, 529px\" \/> <img loading=\"lazy\" decoding=\"async\" class=\"alignnone wp-image-5949\" src=\"http:\/\/catalinewolfkennel.com\/wp-content\/uploads\/2025\/05\/mini_IMG_3789-300x200.jpg\" alt=\"\" width=\"526\" height=\"350\" srcset=\"https:\/\/catalinewolfkennel.com\/wp-content\/uploads\/2025\/05\/mini_IMG_3789-300x200.jpg 300w, https:\/\/catalinewolfkennel.com\/wp-content\/uploads\/2025\/05\/mini_IMG_3789-768x512.jpg 768w, https:\/\/catalinewolfkennel.com\/wp-content\/uploads\/2025\/05\/mini_IMG_3789-1024x683.jpg 1024w, https:\/\/catalinewolfkennel.com\/wp-content\/uploads\/2025\/05\/mini_IMG_3789.jpg 1800w\" sizes=\"auto, (max-width: 526px) 100vw, 526px\" \/> <img loading=\"lazy\" decoding=\"async\" class=\"alignnone wp-image-5953\" src=\"http:\/\/catalinewolfkennel.com\/wp-content\/uploads\/2025\/05\/mini_IMG_3864-300x200.jpg\" alt=\"\" width=\"527\" height=\"351\" srcset=\"https:\/\/catalinewolfkennel.com\/wp-content\/uploads\/2025\/05\/mini_IMG_3864-300x200.jpg 300w, https:\/\/catalinewolfkennel.com\/wp-content\/uploads\/2025\/05\/mini_IMG_3864-768x512.jpg 768w, https:\/\/catalinewolfkennel.com\/wp-content\/uploads\/2025\/05\/mini_IMG_3864-1024x683.jpg 1024w, https:\/\/catalinewolfkennel.com\/wp-content\/uploads\/2025\/05\/mini_IMG_3864.jpg 1800w\" sizes=\"auto, (max-width: 527px) 100vw, 527px\" \/> <img loading=\"lazy\" decoding=\"async\" class=\"alignnone wp-image-5968\" src=\"http:\/\/catalinewolfkennel.com\/wp-content\/uploads\/2025\/05\/mini_IMG_4087-300x200.jpg\" alt=\"\" width=\"527\" height=\"351\" srcset=\"https:\/\/catalinewolfkennel.com\/wp-content\/uploads\/2025\/05\/mini_IMG_4087-300x200.jpg 300w, https:\/\/catalinewolfkennel.com\/wp-content\/uploads\/2025\/05\/mini_IMG_4087-768x512.jpg 768w, https:\/\/catalinewolfkennel.com\/wp-content\/uploads\/2025\/05\/mini_IMG_4087-1024x683.jpg 1024w, https:\/\/catalinewolfkennel.com\/wp-content\/uploads\/2025\/05\/mini_IMG_4087.jpg 1800w\" sizes=\"auto, (max-width: 527px) 100vw, 527px\" \/><\/p>\n<p>&nbsp;<\/p>\n<p>&nbsp;<\/p>\n<p>&nbsp;<\/p>\n<p>&nbsp;<\/p>\n<p><img loading=\"lazy\" decoding=\"async\" class=\"alignnone size-medium wp-image-1534\" src=\"http:\/\/catalinewolfkennel.com\/wp-content\/uploads\/2020\/02\/mini_DSC_0253-300x200.jpg\" alt=\"\" width=\"300\" height=\"200\" srcset=\"https:\/\/catalinewolfkennel.com\/wp-content\/uploads\/2020\/02\/mini_DSC_0253-300x200.jpg 300w, https:\/\/catalinewolfkennel.com\/wp-content\/uploads\/2020\/02\/mini_DSC_0253-768x512.jpg 768w, https:\/\/catalinewolfkennel.com\/wp-content\/uploads\/2020\/02\/mini_DSC_0253-1024x683.jpg 1024w, https:\/\/catalinewolfkennel.com\/wp-content\/uploads\/2020\/02\/mini_DSC_0253.jpg 1800w\" sizes=\"auto, (max-width: 300px) 100vw, 300px\" \/><img loading=\"lazy\" decoding=\"async\" class=\"alignnone size-medium wp-image-1508\" src=\"http:\/\/catalinewolfkennel.com\/wp-content\/uploads\/2020\/02\/mini_DSC_0396-300x200.jpg\" alt=\"\" width=\"300\" height=\"200\" srcset=\"https:\/\/catalinewolfkennel.com\/wp-content\/uploads\/2020\/02\/mini_DSC_0396-300x200.jpg 300w, https:\/\/catalinewolfkennel.com\/wp-content\/uploads\/2020\/02\/mini_DSC_0396-768x512.jpg 768w, https:\/\/catalinewolfkennel.com\/wp-content\/uploads\/2020\/02\/mini_DSC_0396-1024x683.jpg 1024w, https:\/\/catalinewolfkennel.com\/wp-content\/uploads\/2020\/02\/mini_DSC_0396.jpg 1799w\" sizes=\"auto, (max-width: 300px) 100vw, 300px\" \/><img loading=\"lazy\" decoding=\"async\" class=\"alignnone size-medium wp-image-3144\" src=\"http:\/\/catalinewolfkennel.com\/wp-content\/uploads\/2022\/01\/mini_IMG_1875kl-300x200.png\" alt=\"\" width=\"300\" height=\"200\" srcset=\"https:\/\/catalinewolfkennel.com\/wp-content\/uploads\/2022\/01\/mini_IMG_1875kl-300x200.png 300w, https:\/\/catalinewolfkennel.com\/wp-content\/uploads\/2022\/01\/mini_IMG_1875kl-768x512.png 768w, https:\/\/catalinewolfkennel.com\/wp-content\/uploads\/2022\/01\/mini_IMG_1875kl-1024x683.png 1024w, https:\/\/catalinewolfkennel.com\/wp-content\/uploads\/2022\/01\/mini_IMG_1875kl.png 1800w\" sizes=\"auto, (max-width: 300px) 100vw, 300px\" \/><\/p>\n<p>&nbsp;<\/p>\n<p>E-mail:\u00a0 borosgy95@gmail.com<\/p>\n<h3><strong><a href=\"https:\/\/www.facebook.com\/catalinewolfkennel\">Facebook oldal<\/a><\/strong><\/h3>\n<p>&nbsp;<\/p>","protected":false},"excerpt":{"rendered":"<p>\u00a0Dear inquirier! We have beautiful available female puppy from our Masha-Kimi L litter! Feel free to contact us! &nbsp; &nbsp; &nbsp; &nbsp; &nbsp; &nbsp; E-mail:\u00a0 borosgy95@gmail.com Facebook oldal &nbsp;<\/p>\n","protected":false},"author":4,"featured_media":3513,"parent":0,"menu_order":0,"comment_status":"closed","ping_status":"closed","template":"page-alomterv-half.php","meta":{"footnotes":""},"class_list":["post-3471","page","type-page","status-publish","has-post-thumbnail","hentry"],"yoast_head":"<!-- This site is optimized with the Yoast SEO plugin v27.4 - https:\/\/yoast.com\/product\/yoast-seo-wordpress\/ -->\n<title>Available puppies - Cataline Wolf Kennel<\/title>\n<meta name=\"robots\" content=\"index, follow, max-snippet:-1, max-image-preview:large, max-video-preview:-1\" \/>\n<link rel=\"canonical\" href=\"https:\/\/catalinewolfkennel.com\/litterplan-for-2022\/\" \/>\n<meta property=\"og:locale\" content=\"en_US\" \/>\n<meta property=\"og:type\" content=\"article\" \/>\n<meta property=\"og:title\" content=\"[:hu]El\u00e9rhet\u0151 kiskuty\u00e1k[:en]Available puppies[:] - Cataline Wolf Kennel\" \/>\n<meta property=\"og:description\" content=\"\u00a0Dear inquirier! We have beautiful available female puppy from our Masha-Kimi L litter! Feel free to contact us! &nbsp; &nbsp; &nbsp; &nbsp; &nbsp; &nbsp; E-mail:\u00a0 borosgy95@gmail.com Facebook oldal &nbsp;\" \/>\n<meta property=\"og:url\" content=\"https:\/\/catalinewolfkennel.com\/litterplan-for-2022\/\" \/>\n<meta property=\"og:site_name\" content=\"Cataline Wolf Kennel\" \/>\n<meta property=\"article:publisher\" content=\"https:\/\/www.facebook.com\/catalinewolfkennel\/?fref=ts\" \/>\n<meta property=\"article:modified_time\" content=\"2025-05-08T20:02:25+00:00\" \/>\n<meta property=\"og:image\" content=\"https:\/\/catalinewolfkennel.com\/wp-content\/uploads\/2022\/10\/mini_IMG_4055.jpg\" \/>\n\t<meta property=\"og:image:width\" content=\"2532\" \/>\n\t<meta property=\"og:image:height\" content=\"1200\" \/>\n\t<meta property=\"og:image:type\" content=\"image\/jpeg\" \/>\n<meta name=\"twitter:card\" content=\"summary_large_image\" \/>\n<meta name=\"twitter:label1\" content=\"Est. reading time\" \/>\n\t<meta name=\"twitter:data1\" content=\"1 minute\" \/>\n<script type=\"application\/ld+json\" class=\"yoast-schema-graph\">{\"@context\":\"https:\\\/\\\/schema.org\",\"@graph\":[{\"@type\":\"WebPage\",\"@id\":\"https:\\\/\\\/catalinewolfkennel.com\\\/litterplan-for-2022\\\/\",\"url\":\"https:\\\/\\\/catalinewolfkennel.com\\\/litterplan-for-2022\\\/\",\"name\":\"[:hu]El\u00e9rhet\u0151 kiskuty\u00e1k[:en]Available puppies[:] - Cataline Wolf Kennel\",\"isPartOf\":{\"@id\":\"https:\\\/\\\/catalinewolfkennel.com\\\/#website\"},\"primaryImageOfPage\":{\"@id\":\"https:\\\/\\\/catalinewolfkennel.com\\\/litterplan-for-2022\\\/#primaryimage\"},\"image\":{\"@id\":\"https:\\\/\\\/catalinewolfkennel.com\\\/litterplan-for-2022\\\/#primaryimage\"},\"thumbnailUrl\":\"https:\\\/\\\/catalinewolfkennel.com\\\/wp-content\\\/uploads\\\/2022\\\/10\\\/mini_IMG_4055.jpg\",\"datePublished\":\"2022-09-01T20:46:03+00:00\",\"dateModified\":\"2025-05-08T20:02:25+00:00\",\"breadcrumb\":{\"@id\":\"https:\\\/\\\/catalinewolfkennel.com\\\/litterplan-for-2022\\\/#breadcrumb\"},\"inLanguage\":\"en-US\",\"potentialAction\":[{\"@type\":\"ReadAction\",\"target\":[\"https:\\\/\\\/catalinewolfkennel.com\\\/litterplan-for-2022\\\/\"]}]},{\"@type\":\"ImageObject\",\"inLanguage\":\"en-US\",\"@id\":\"https:\\\/\\\/catalinewolfkennel.com\\\/litterplan-for-2022\\\/#primaryimage\",\"url\":\"https:\\\/\\\/catalinewolfkennel.com\\\/wp-content\\\/uploads\\\/2022\\\/10\\\/mini_IMG_4055.jpg\",\"contentUrl\":\"https:\\\/\\\/catalinewolfkennel.com\\\/wp-content\\\/uploads\\\/2022\\\/10\\\/mini_IMG_4055.jpg\",\"width\":2532,\"height\":1200},{\"@type\":\"BreadcrumbList\",\"@id\":\"https:\\\/\\\/catalinewolfkennel.com\\\/litterplan-for-2022\\\/#breadcrumb\",\"itemListElement\":[{\"@type\":\"ListItem\",\"position\":1,\"name\":\"Home\",\"item\":\"https:\\\/\\\/catalinewolfkennel.com\\\/\"},{\"@type\":\"ListItem\",\"position\":2,\"name\":\"El\u00e9rhet\u0151 kiskuty\u00e1k\"}]},{\"@type\":\"WebSite\",\"@id\":\"https:\\\/\\\/catalinewolfkennel.com\\\/#website\",\"url\":\"https:\\\/\\\/catalinewolfkennel.com\\\/\",\"name\":\"Cataline Wolf Kennel\",\"description\":\"... egy \u00fajabb WordPress honlap...\",\"potentialAction\":[{\"@type\":\"SearchAction\",\"target\":{\"@type\":\"EntryPoint\",\"urlTemplate\":\"https:\\\/\\\/catalinewolfkennel.com\\\/?s={search_term_string}\"},\"query-input\":{\"@type\":\"PropertyValueSpecification\",\"valueRequired\":true,\"valueName\":\"search_term_string\"}}],\"inLanguage\":\"en-US\"}]}<\/script>\n<!-- \/ Yoast SEO plugin. -->","yoast_head_json":{"title":"[:hu]El\u00e9rhet\u0151 kiskuty\u00e1k[:en]Available puppies[:] - Cataline Wolf Kennel","robots":{"index":"index","follow":"follow","max-snippet":"max-snippet:-1","max-image-preview":"max-image-preview:large","max-video-preview":"max-video-preview:-1"},"canonical":"https:\/\/catalinewolfkennel.com\/litterplan-for-2022\/","og_locale":"en_US","og_type":"article","og_title":"[:hu]El\u00e9rhet\u0151 kiskuty\u00e1k[:en]Available puppies[:] - Cataline Wolf Kennel","og_description":"\u00a0Dear inquirier! We have beautiful available female puppy from our Masha-Kimi L litter! Feel free to contact us! &nbsp; &nbsp; &nbsp; &nbsp; &nbsp; &nbsp; E-mail:\u00a0 borosgy95@gmail.com Facebook oldal &nbsp;","og_url":"https:\/\/catalinewolfkennel.com\/litterplan-for-2022\/","og_site_name":"Cataline Wolf Kennel","article_publisher":"https:\/\/www.facebook.com\/catalinewolfkennel\/?fref=ts","article_modified_time":"2025-05-08T20:02:25+00:00","og_image":[{"width":2532,"height":1200,"url":"https:\/\/catalinewolfkennel.com\/wp-content\/uploads\/2022\/10\/mini_IMG_4055.jpg","type":"image\/jpeg"}],"twitter_card":"summary_large_image","twitter_misc":{"Est. reading time":"1 minute"},"schema":{"@context":"https:\/\/schema.org","@graph":[{"@type":"WebPage","@id":"https:\/\/catalinewolfkennel.com\/litterplan-for-2022\/","url":"https:\/\/catalinewolfkennel.com\/litterplan-for-2022\/","name":"[:hu]El\u00e9rhet\u0151 kiskuty\u00e1k[:en]Available puppies[:] - Cataline Wolf Kennel","isPartOf":{"@id":"https:\/\/catalinewolfkennel.com\/#website"},"primaryImageOfPage":{"@id":"https:\/\/catalinewolfkennel.com\/litterplan-for-2022\/#primaryimage"},"image":{"@id":"https:\/\/catalinewolfkennel.com\/litterplan-for-2022\/#primaryimage"},"thumbnailUrl":"https:\/\/catalinewolfkennel.com\/wp-content\/uploads\/2022\/10\/mini_IMG_4055.jpg","datePublished":"2022-09-01T20:46:03+00:00","dateModified":"2025-05-08T20:02:25+00:00","breadcrumb":{"@id":"https:\/\/catalinewolfkennel.com\/litterplan-for-2022\/#breadcrumb"},"inLanguage":"en-US","potentialAction":[{"@type":"ReadAction","target":["https:\/\/catalinewolfkennel.com\/litterplan-for-2022\/"]}]},{"@type":"ImageObject","inLanguage":"en-US","@id":"https:\/\/catalinewolfkennel.com\/litterplan-for-2022\/#primaryimage","url":"https:\/\/catalinewolfkennel.com\/wp-content\/uploads\/2022\/10\/mini_IMG_4055.jpg","contentUrl":"https:\/\/catalinewolfkennel.com\/wp-content\/uploads\/2022\/10\/mini_IMG_4055.jpg","width":2532,"height":1200},{"@type":"BreadcrumbList","@id":"https:\/\/catalinewolfkennel.com\/litterplan-for-2022\/#breadcrumb","itemListElement":[{"@type":"ListItem","position":1,"name":"Home","item":"https:\/\/catalinewolfkennel.com\/"},{"@type":"ListItem","position":2,"name":"El\u00e9rhet\u0151 kiskuty\u00e1k"}]},{"@type":"WebSite","@id":"https:\/\/catalinewolfkennel.com\/#website","url":"https:\/\/catalinewolfkennel.com\/","name":"Cataline Wolf Kennel","description":"... egy \u00fajabb WordPress honlap...","potentialAction":[{"@type":"SearchAction","target":{"@type":"EntryPoint","urlTemplate":"https:\/\/catalinewolfkennel.com\/?s={search_term_string}"},"query-input":{"@type":"PropertyValueSpecification","valueRequired":true,"valueName":"search_term_string"}}],"inLanguage":"en-US"}]}},"_links":{"self":[{"href":"https:\/\/catalinewolfkennel.com\/en\/wp-json\/wp\/v2\/pages\/3471","targetHints":{"allow":["GET"]}}],"collection":[{"href":"https:\/\/catalinewolfkennel.com\/en\/wp-json\/wp\/v2\/pages"}],"about":[{"href":"https:\/\/catalinewolfkennel.com\/en\/wp-json\/wp\/v2\/types\/page"}],"author":[{"embeddable":true,"href":"https:\/\/catalinewolfkennel.com\/en\/wp-json\/wp\/v2\/users\/4"}],"replies":[{"embeddable":true,"href":"https:\/\/catalinewolfkennel.com\/en\/wp-json\/wp\/v2\/comments?post=3471"}],"version-history":[{"count":43,"href":"https:\/\/catalinewolfkennel.com\/en\/wp-json\/wp\/v2\/pages\/3471\/revisions"}],"predecessor-version":[{"id":5999,"href":"https:\/\/catalinewolfkennel.com\/en\/wp-json\/wp\/v2\/pages\/3471\/revisions\/5999"}],"wp:featuredmedia":[{"embeddable":true,"href":"https:\/\/catalinewolfkennel.com\/en\/wp-json\/wp\/v2\/media\/3513"}],"wp:attachment":[{"href":"https:\/\/catalinewolfkennel.com\/en\/wp-json\/wp\/v2\/media?parent=3471"}],"curies":[{"name":"wp","href":"https:\/\/api.w.org\/{rel}","templated":true}]}}